{"id":926,"date":"2017-04-21T10:03:07","date_gmt":"2017-04-21T08:03:07","guid":{"rendered":"http:\/\/www.torremarina.it\/site\/?page_id=926"},"modified":"2018-10-22T17:35:18","modified_gmt":"2018-10-22T15:35:18","slug":"cookie-policy","status":"publish","type":"page","link":"https:\/\/torremarina.it\/site\/cookie-policy\/","title":{"rendered":"Cookie Policy"},"content":{"rendered":"<h2>COOKIE POLICY del sito torremarina.it<\/h2>\n<p>La presente Cookie Policy ha lo scopo di illustrare i tipi e le categorie di cookie, le finalit\u00e0 e le modalit\u00e0 di utilizzo dei cookie da parte di <strong>VERVE S.p.A.<\/strong> titolare del trattamento, con sede in Torino, Via Assietta 16\/b, nonch\u00e9 di fornire indicazioni agli utenti circa le azioni per rifiutare o eliminare i cookie presenti sul sito torremarina.it<\/p>\n<p>La presente Cookie Policy costituisce parte integrante dell&#8217;Informativa privacy del sito <a href=\"http:\/\/www.torremarina.it\">torremarina.it<\/a> L&#8217;utente potr\u00e0 esercitare i diritti previsti dall&#8217;art. 7 del d.lgs. 196\/03, scrivendo all&#8217;indirizzo\u00a0<a href=\"mailto:info@torremarina.it\">info@torremarina.it\u00a0\u00a0<\/a>mentre per modificare le impostazioni sui cookie potr\u00e0 procedere seguendo le indicazioni presenti in questa Cookie Policy.<\/p>\n<p>L&#8217;utente pu\u00f2 esprimere il proprio consenso all&#8217;utilizzo dei cookie proseguendo la navigazione sul Sito, ovvero compiendo un&#8217;azione di scorrimento, cliccando su uno dei link interni delle pagine dei Siti, oppure cliccando sul link &#8220;OK, chiudi&#8221;dell&#8217;informativa breve visibile (in alto a sinistra) ad ogni primo accesso sul Sito, come previsto dal provvedimento del Garante per la protezione dei dati personali (n. 229 dell&#8217;8 maggio 2014)<\/p>\n<h3>Che cosa sono i cookie?<\/h3>\n<p>I cookie sono costituiti da porzioni di codice (file informatici o dati parziali) inviate da un server al browser Internet dell&#8217;utente, da detto browser memorizzati automaticamente sul computer dell&#8217;utente e rinviati automaticamente al server ad ogni occorrenza o successivo accesso al sito. Solitamente un cookie contiene il nome del sito internet dal quale il cookie stesso proviene, la durata vitale del cookie (ovvero per quanto tempo rimarr\u00e0 sul dispositivo dell&#8217;utente) ed un valore, che di regola \u00e8 un numero unico generato in modo casuale. Ad ogni visita successiva i cookie sono rinviati al sito web che li ha originati (cookie di prime parti) o a un altro sito che li riconosce (cookie di terze parti). I cookie sono utili perch\u00e9 consentono a un sito web di riconoscere il dispositivo dell&#8217;utente e hanno diverse finalit\u00e0 come, per esempio, consentire di navigare efficientemente tra le pagine, ricordare i siti preferiti e, in generale, migliorare l&#8217;esperienza di navigazione. Contribuiscono anche a garantire che i contenuti pubblicitari visualizzati online siano pi\u00f9 mirati ad un utente e ai suoi interessi.<\/p>\n<p>Se l&#8217;utente decide di disabilitare i cookie, ci\u00f2 potrebbe influenzare e\/o limitare la sua esperienza di navigazione all&#8217;interno dei Siti, per esempio potrebbe non essere in grado di visitare determinate sezioni di un Sito o potrebbe non ricevere informazioni personalizzate quando visita i Siti.<\/p>\n<h3>Come funzionano e come si eliminano i cookie?<\/h3>\n<p>Le modalit\u00e0 di funzionamento nonch\u00e9 le opzioni per limitare o bloccare i cookie, possono essere regolate modificando le impostazioni del proprio browser internet. La maggioranza dei browser internet sono inizialmente impostati per accettare i cookie in modo automatico, l&#8217;utente pu\u00f2 tuttavia modificare queste impostazioni per bloccare i cookie o per essere avvertito ogniqualvolta dei cookie vengano inviati al suo dispositivo. Esistono diversi modi per gestire i cookie, a tal fine occorre fare riferimento al manuale di istruzioni o alla schermata di aiuto del proprio browser per verificare come regolare o modificare le impostazioni dello stesso. L&#8217;utente \u00e8 abilitato, infatti, a modificare la configurazione predefinita e disabilitare i cookie (cio\u00e8 bloccarli in via definitiva), impostando il livello di protezione pi\u00f9 elevato.<\/p>\n<h4>Qui sotto il percorso da seguire per gestire i cookie dai seguenti browser:<\/h4>\n<ul>\n<li>Explorer:\u00a0http:\/\/windows.microsoft.com\/it-it\/windows7\/block-enable-or-allow-cookies<\/li>\n<li>Safari:\u00a0http:\/\/support.apple.com\/kb\/PH11913<\/li>\n<li>Chrome:\u00a0https:\/\/support.google.com\/chrome\/answer\/95647?hl=it-IT&amp;hlrm=fr&amp;hlrm=en<\/li>\n<li>Firefox:\u00a0http:\/\/support.mozilla.org\/it-IT\/kb\/enable-and-disable-cookies-website-preferences<\/li>\n<\/ul>\n<p>Se l&#8217;utente usa dispositivi diversi tra loro per visualizzare e accedere ai Siti (per esempio, computer, smartphone, tablet, ecc.), deve assicurarsi che ciascun browser su ciascun dispositivo sia regolato per riflettere le proprie preferenze relative ai cookie. Per eliminare i cookie dal browser Internet del proprio smartphone\/tablet \u00e8 necessario fare riferimento al manuale d&#8217;uso del dispositivo.<\/p>\n<h3>Quali tipologie e categorie di cookie utilizza VERVE S.p.A. e per quali finalit\u00e0?<\/h3>\n<p>Il Sito utilizza diverse tipologie di cookie ognuna delle quali ha una specifica funzione. <strong>VERVE S.p.A.<\/strong> utilizza i cookie per rendere l&#8217;uso del Sito pi\u00f9 semplice e per meglio adattare sia il Sito che i propri prodotti agli interessi e ai bisogni degli utenti. I cookie possono essere usati anche per velocizzare le future esperienze e le attivit\u00e0 degli utenti sul Sito. Inoltre, <b>VERVE S.p.A.<\/b> utilizza i cookie per compilare statistiche anonime aggregate che consentono di capire come gli utenti utilizzano il Sito e per migliorare la struttura e i contenuti del Sito stesso.<\/p>\n<p>Di seguito un elenco esplicativo.<\/p>\n<h5>Cookie tecnici<\/h5>\n<p>I cookie &#8220;tecnici&#8221;sono essenziali per il corretto funzionamento del Sito e consentono agli utenti di navigare sul Sito e di sfruttarne le caratteristiche (ad esempio consentono la memorizzazione di azioni precedenti o permettono di salvare la sessione dell&#8217;utente e\/o di svolgere altre attivit\u00e0 strettamente necessarie al funzionamento del Sito).<\/p>\n<p>A questa categoria appartengono anche i cookie &#8220;analitici&#8221;che aiutano <b>VERVE S.p.A.<\/b> a capire come gli utenti interagiscono con il Sito fornendo informazioni relative all&#8217;ultima pagina visitata, il numero di sezioni e pagine visitate, al tempo trascorso sul Sito e ad ogni vicenda sia emersa nel corso della navigazione, come ad esempio un messaggio di errore, e aiutano a comprendere ogni difficolt\u00e0 che l&#8217;utente incontra nell&#8217;utilizzo del Sito. Queste informazioni potrebbero essere associate a dettagli dell&#8217;utente quali indirizzo IP, dominio o browser; tuttavia, vengono analizzate insieme a informazioni di altri utenti in modo da non identificare un determinato utente rispetto all&#8217;altro. Questi cookie vengono raccolti e aggregati in forma anonima e consentono a <b>VERVE S.p.A.<\/b> di migliorare la resa del Sito.<\/p>\n<p>Infine, i cookie di &#8220;funzionalit\u00e0&#8221;permettono ai Siti di ricordare le scelte dell&#8217;utente (per esempio il nome utente) per fornire a quest&#8217;ultimo una navigazione pi\u00f9 personalizzata ed ottimizzata. I cookie funzionali non sono indispensabili al funzionamento del Sito, ma ne migliorano la qualit\u00e0 e l&#8217;esperienza di navigazione. Se non si accettano questi cookie, la resa e la funzionalit\u00e0 del Sito potrebbe risultare inferiore e l&#8217;accesso ai contenuti del Sito potrebbe risultare limitato.<\/p>\n<h5>Cookie di profilazione<\/h5>\n<p>I cookie di &#8220;targeting&#8221;o di &#8220;profilazione&#8221;sono utilizzati per presentare contenuti pi\u00f9 adatti all&#8217;utente e ai suoi interessi. Possono essere utilizzati per visualizzare pubblicit\u00e0 mirate, per pubblicare inserzioni pubblicitarie personalizzate in base agli interessi dell&#8217;utente o per limitare il numero di volte che l&#8217;utente visualizza una pubblicit\u00e0. Inoltre, aiutano a misurare l&#8217;efficacia delle campagne pubblicitarie sul Sito.<\/p>\n<p>I cookie di &#8220;condivisione&#8221;(o di social network) sono necessari per permettere all&#8217;utente di interagire con il Sito attraverso il proprio account social e servono, ad esempio, per esprimere un apprezzamento e per condividerlo con i relativi contatti social.<\/p>\n<p>torremarina.it utilizza o pu\u00f2 utilizzare, anche in combinazione tra di loro, cookie:<\/p>\n<ul>\n<li>di\u00a0&#8220;sessione&#8221;?\u00a0che vengono memorizzati sul computer dell&#8217;utente per mere esigenze tecnico-funzionali, per la trasmissione di identificativi di sessione necessari per consentire l&#8217;esplorazione sicura ed efficiente del sito; essi si cancellano al termine della &#8220;sessione&#8221;(da cui il nome) con la chiusura del browser;<\/li>\n<li>&#8220;persistenti&#8221;?\u00a0che rimangono memorizzati sul disco rigido del computer fino alla loro scadenza o cancellazione da parte degli utenti. Tramite i cookie persistenti gli utenti che accedono al sito (o eventuali altri utenti che impiegano il medesimo computer) vengono automaticamente riconosciuti a ogni visita.<\/li>\n<\/ul>\n<h3>Cookie di terza parte<\/h3>\n<p>Quando un utente utilizza il Sito, \u00e8 possibile che vengano memorizzati alcuni cookie non controllati da <b>VERVE S.p.A.<\/b><strong>.<\/strong> Questo accade, per esempio, se l&#8217;utente visita una pagina che contiene contenuti di un sito web di terzi. Di conseguenza, l&#8217;utente ricever\u00e0 cookie da questi servizi di terze parti. Sui cookie di terza parte <b>VERVE S.p.A.<\/b> non ha il controllo delle informazioni fornite dal cookie e non ha accesso a tali dati. Queste informazioni sono controllate totalmente dalle societ\u00e0 terze secondo quanto descritto nelle rispettive privacy policy.<\/p>\n<p>La tabella che segue riporta i cookie di terza parte presenti su torremarina.it. Questi ultimi ricadono sotto la diretta ed esclusiva responsabilit\u00e0 del gestore terzo e sono suddivisi nelle seguenti macro-categorie:<\/p>\n<ul>\n<li>Analitici: sono i cookie utilizzati per raccogliere e analizzare informazioni statistiche sugli accessi\/le visite al sito web. In alcuni casi, associati ad altre informazioni quali le credenziali inserite per l&#8217;accesso ad aree riservate (il proprio indirizzo di posta elettronica e la password), possono essere utilizzate per profilare l&#8217;utente (abitudini personali, siti visitati, contenuti scaricati, tipi di interazioni effettuate, ecc.).<\/li>\n<li>Widgets. Rientrano in questa categoria tutti quei componenti grafici di una interfaccia utente di un programma, che ha lo scopo di facilitare l&#8217;utente nell&#8217;interazione con il programma stesso (a titolo esemplificativo sono widgets i cookie di Facebook, Google+, Twitter).<br \/>\nSe l&#8217;utente non desidera ricevere cookie di terze parti sul proprio dispositivo potr\u00e0, attraverso i link di seguito riportati, accedere alle informative e ai moduli di consenso di dette terze parti ed escluderne il ricevimento.<\/li>\n<\/ul>\n<p>Questi cookie non vengono controllati direttamente dal Sito, pertanto, per revocare il consenso \u00e8 necessario fare riferimento ai siti internet delle terze parti.<\/p>\n<table>\n<thead>\n<tr>\n<th>Cookie<\/th>\n<th>Utilizzo primario<\/th>\n<th>Profilazione<\/th>\n<th>Link<\/th>\n<\/tr>\n<\/thead>\n<tbody>\n<tr>\n<td>Facebook<\/td>\n<td>Widgets<\/td>\n<td>si<\/td>\n<td>https:\/\/www.facebook.com\/help\/cookies\/?ref=sitefooter<\/td>\n<\/tr>\n<tr>\n<td>Google<\/td>\n<td>Widgets\/Analitico<\/td>\n<td>si<\/td>\n<td>https:\/\/tools.google.com\/dlpage\/gaoptout?hl=it<\/td>\n<\/tr>\n<\/tbody>\n<\/table>\n","protected":false},"excerpt":{"rendered":"<p>COOKIE POLICY del sito torremarina.it La presente Cookie Policy ha lo scopo di illustrare i tipi e le categorie di cookie, le finalit\u00e0 e le modalit\u00e0 di utilizzo dei cookie da parte di VERVE S.p.A. titolare del trattamento, con sede in Torino, Via Assietta 16\/b, nonch\u00e9 di fornire indicazioni agli utenti circa le azioni per [&hellip;]<\/p>\n","protected":false},"author":2,"featured_media":0,"parent":0,"menu_order":0,"comment_status":"closed","ping_status":"closed","template":"","meta":{"footnotes":""},"class_list":["post-926","page","type-page","status-publish","hentry"],"yoast_head":"<!-- This site is optimized with the Yoast SEO plugin v26.7 - https:\/\/yoast.com\/wordpress\/plugins\/seo\/ -->\n<title>Cookie Policy - Torremarina<\/title>\n<meta name=\"robots\" content=\"index, follow, max-snippet:-1, max-image-preview:large, max-video-preview:-1\" \/>\n<link rel=\"canonical\" href=\"https:\/\/torremarina.it\/site\/cookie-policy\/\" \/>\n<meta property=\"og:locale\" content=\"it_IT\" \/>\n<meta property=\"og:type\" content=\"article\" \/>\n<meta property=\"og:title\" content=\"Cookie Policy - Torremarina\" \/>\n<meta property=\"og:description\" content=\"COOKIE POLICY del sito torremarina.it La presente Cookie Policy ha lo scopo di illustrare i tipi e le categorie di cookie, le finalit\u00e0 e le modalit\u00e0 di utilizzo dei cookie da parte di VERVE S.p.A. titolare del trattamento, con sede in Torino, Via Assietta 16\/b, nonch\u00e9 di fornire indicazioni agli utenti circa le azioni per [&hellip;]\" \/>\n<meta property=\"og:url\" content=\"https:\/\/torremarina.it\/site\/cookie-policy\/\" \/>\n<meta property=\"og:site_name\" content=\"Torremarina\" \/>\n<meta property=\"article:modified_time\" content=\"2018-10-22T15:35:18+00:00\" \/>\n<meta name=\"twitter:card\" content=\"summary_large_image\" \/>\n<meta name=\"twitter:label1\" content=\"Tempo di lettura stimato\" \/>\n\t<meta name=\"twitter:data1\" content=\"8 minuti\" \/>\n<script type=\"application\/ld+json\" class=\"yoast-schema-graph\">{\"@context\":\"https:\/\/schema.org\",\"@graph\":[{\"@type\":\"WebPage\",\"@id\":\"https:\/\/torremarina.it\/site\/cookie-policy\/\",\"url\":\"https:\/\/torremarina.it\/site\/cookie-policy\/\",\"name\":\"Cookie Policy - Torremarina\",\"isPartOf\":{\"@id\":\"https:\/\/torremarina.it\/site\/#website\"},\"datePublished\":\"2017-04-21T08:03:07+00:00\",\"dateModified\":\"2018-10-22T15:35:18+00:00\",\"breadcrumb\":{\"@id\":\"https:\/\/torremarina.it\/site\/cookie-policy\/#breadcrumb\"},\"inLanguage\":\"it-IT\",\"potentialAction\":[{\"@type\":\"ReadAction\",\"target\":[\"https:\/\/torremarina.it\/site\/cookie-policy\/\"]}]},{\"@type\":\"BreadcrumbList\",\"@id\":\"https:\/\/torremarina.it\/site\/cookie-policy\/#breadcrumb\",\"itemListElement\":[{\"@type\":\"ListItem\",\"position\":1,\"name\":\"Home\",\"item\":\"https:\/\/torremarina.it\/site\/benvenuti-al-villaggio-torremarina\/\"},{\"@type\":\"ListItem\",\"position\":2,\"name\":\"Cookie Policy\"}]},{\"@type\":\"WebSite\",\"@id\":\"https:\/\/torremarina.it\/site\/#website\",\"url\":\"https:\/\/torremarina.it\/site\/\",\"name\":\"Torremarina\",\"description\":\"Torremarina Tutti colori dell&#039;ospitalit\u00e0\",\"potentialAction\":[{\"@type\":\"SearchAction\",\"target\":{\"@type\":\"EntryPoint\",\"urlTemplate\":\"https:\/\/torremarina.it\/site\/?s={search_term_string}\"},\"query-input\":{\"@type\":\"PropertyValueSpecification\",\"valueRequired\":true,\"valueName\":\"search_term_string\"}}],\"inLanguage\":\"it-IT\"}]}<\/script>\n<!-- \/ Yoast SEO plugin. -->","yoast_head_json":{"title":"Cookie Policy - Torremarina","robots":{"index":"index","follow":"follow","max-snippet":"max-snippet:-1","max-image-preview":"max-image-preview:large","max-video-preview":"max-video-preview:-1"},"canonical":"https:\/\/torremarina.it\/site\/cookie-policy\/","og_locale":"it_IT","og_type":"article","og_title":"Cookie Policy - Torremarina","og_description":"COOKIE POLICY del sito torremarina.it La presente Cookie Policy ha lo scopo di illustrare i tipi e le categorie di cookie, le finalit\u00e0 e le modalit\u00e0 di utilizzo dei cookie da parte di VERVE S.p.A. titolare del trattamento, con sede in Torino, Via Assietta 16\/b, nonch\u00e9 di fornire indicazioni agli utenti circa le azioni per [&hellip;]","og_url":"https:\/\/torremarina.it\/site\/cookie-policy\/","og_site_name":"Torremarina","article_modified_time":"2018-10-22T15:35:18+00:00","twitter_card":"summary_large_image","twitter_misc":{"Tempo di lettura stimato":"8 minuti"},"schema":{"@context":"https:\/\/schema.org","@graph":[{"@type":"WebPage","@id":"https:\/\/torremarina.it\/site\/cookie-policy\/","url":"https:\/\/torremarina.it\/site\/cookie-policy\/","name":"Cookie Policy - Torremarina","isPartOf":{"@id":"https:\/\/torremarina.it\/site\/#website"},"datePublished":"2017-04-21T08:03:07+00:00","dateModified":"2018-10-22T15:35:18+00:00","breadcrumb":{"@id":"https:\/\/torremarina.it\/site\/cookie-policy\/#breadcrumb"},"inLanguage":"it-IT","potentialAction":[{"@type":"ReadAction","target":["https:\/\/torremarina.it\/site\/cookie-policy\/"]}]},{"@type":"BreadcrumbList","@id":"https:\/\/torremarina.it\/site\/cookie-policy\/#breadcrumb","itemListElement":[{"@type":"ListItem","position":1,"name":"Home","item":"https:\/\/torremarina.it\/site\/benvenuti-al-villaggio-torremarina\/"},{"@type":"ListItem","position":2,"name":"Cookie Policy"}]},{"@type":"WebSite","@id":"https:\/\/torremarina.it\/site\/#website","url":"https:\/\/torremarina.it\/site\/","name":"Torremarina","description":"Torremarina Tutti colori dell&#039;ospitalit\u00e0","potentialAction":[{"@type":"SearchAction","target":{"@type":"EntryPoint","urlTemplate":"https:\/\/torremarina.it\/site\/?s={search_term_string}"},"query-input":{"@type":"PropertyValueSpecification","valueRequired":true,"valueName":"search_term_string"}}],"inLanguage":"it-IT"}]}},"_links":{"self":[{"href":"https:\/\/torremarina.it\/site\/wp-json\/wp\/v2\/pages\/926","targetHints":{"allow":["GET"]}}],"collection":[{"href":"https:\/\/torremarina.it\/site\/wp-json\/wp\/v2\/pages"}],"about":[{"href":"https:\/\/torremarina.it\/site\/wp-json\/wp\/v2\/types\/page"}],"author":[{"embeddable":true,"href":"https:\/\/torremarina.it\/site\/wp-json\/wp\/v2\/users\/2"}],"replies":[{"embeddable":true,"href":"https:\/\/torremarina.it\/site\/wp-json\/wp\/v2\/comments?post=926"}],"version-history":[{"count":5,"href":"https:\/\/torremarina.it\/site\/wp-json\/wp\/v2\/pages\/926\/revisions"}],"predecessor-version":[{"id":1572,"href":"https:\/\/torremarina.it\/site\/wp-json\/wp\/v2\/pages\/926\/revisions\/1572"}],"wp:attachment":[{"href":"https:\/\/torremarina.it\/site\/wp-json\/wp\/v2\/media?parent=926"}],"curies":[{"name":"wp","href":"https:\/\/api.w.org\/{rel}","templated":true}]}}