{"id":2159,"date":"2021-10-12T18:31:14","date_gmt":"2021-10-12T16:31:14","guid":{"rendered":"https:\/\/torremarina.it\/site\/?page_id=2159"},"modified":"2021-10-12T18:31:15","modified_gmt":"2021-10-12T16:31:15","slug":"informativa-green-pass","status":"publish","type":"page","link":"https:\/\/torremarina.it\/site\/informativa-green-pass\/","title":{"rendered":"Informativa Green Pass"},"content":{"rendered":"\n<style type=\"text\/css\" data-created_by=\"avia_inline_auto\" id=\"style-css-av-kuoata9m-93ab573d668af91cd7ad214e87e67c29\">\n.avia-section.av-kuoata9m-93ab573d668af91cd7ad214e87e67c29{\nbackground-repeat:no-repeat;\nbackground-image:url(https:\/\/torremarina.it\/site\/wp-content\/uploads\/2021\/10\/informativa-green-pass.jpg);\nbackground-position:50% 50%;\nbackground-attachment:scroll;\n}\n<\/style>\n<div id='av_section_1'  class='avia-section av-kuoata9m-93ab573d668af91cd7ad214e87e67c29 main_color avia-section-default avia-no-border-styling  avia-builder-el-0  el_before_av_textblock  avia-builder-el-first  avia-bg-style-scroll container_wrap fullsize'  data-section-bg-repeat='no-repeat'><div class='container av-section-cont-open' ><main  class='template-page content  av-content-full alpha units'><div class='post-entry post-entry-type-page post-entry-2159'><div class='entry-content-wrapper clearfix'>\n\n<style type=\"text\/css\" data-created_by=\"avia_inline_auto\" id=\"style-css-av-kuoau9q1-5bbe1fc5f4b902e96e4e5bd355006397\">\n#top .av-special-heading.av-kuoau9q1-5bbe1fc5f4b902e96e4e5bd355006397{\npadding-bottom:10px;\ncolor:#ffffff;\n}\nbody .av-special-heading.av-kuoau9q1-5bbe1fc5f4b902e96e4e5bd355006397 .av-special-heading-tag .heading-char{\nfont-size:25px;\n}\n.av-special-heading.av-kuoau9q1-5bbe1fc5f4b902e96e4e5bd355006397 .special-heading-inner-border{\nborder-color:#ffffff;\n}\n.av-special-heading.av-kuoau9q1-5bbe1fc5f4b902e96e4e5bd355006397 .av-subheading{\nfont-size:15px;\n}\n<\/style>\n<div  class='av-special-heading av-kuoau9q1-5bbe1fc5f4b902e96e4e5bd355006397 av-special-heading-h1 custom-color-heading blockquote classic-quote  avia-builder-el-1  avia-builder-el-no-sibling '><h1 class='av-special-heading-tag '  >Informativa in merito al trattamento dei dati personali<BR><span class='special_amp'>\u201c<\/span>GESTIONE ATTIVIT\u00c0 CONTROLLO E VERIFICA GREEN PASS COVID-19<span class='special_amp'>\u201d<\/span>  <\/h1><div class='av_custom_color av-subheading av-subheading_below'><p>GDPR  &#8211; artt. 13-14 del Reg.to UE 2016\/679<\/p>\n<\/div><div class=\"special-heading-border\"><div class=\"special-heading-inner-border\"><\/div><\/div><\/div>\n<\/div><\/div><\/main><!-- close content main element --><\/div><\/div><div id='after_section_1'  class='main_color av_default_container_wrap container_wrap fullsize'  ><div class='container av-section-cont-open' ><div class='template-page content  av-content-full alpha units'><div class='post-entry post-entry-type-page post-entry-2159'><div class='entry-content-wrapper clearfix'><section  class='av_textblock_section av-kuoawkob-243fb723a6a9e19af4b07db424b0a8a5 '  ><div class='avia_textblock' ><p>L\u2019informativa \u00e8 un obbligo generale che va adempiuto prima o al massimo al momento di dare avvio alla raccolta diretta di dati personali. Ai sensi del Regolamento Generale per la Protezione dei Dati personali delle persone fisiche (GDPR \u2013 Reg. UE 2016\/679), la scrivente organizzazione, Titolare del trattamento, informa di quanto segue.<\/p>\n<h3>FONTI E CATEGORIE DEI DATI PERSONALI<\/h3>\n<p>I dati personali in possesso della scrivente organizzazione sono raccolti direttamente presso gli interessati e da loro direttamente forniti. Tali informazioni riguardano, dati personali comuni, quali:<\/p>\n<ul>\n<li>dati anagrafici (nome, cognome e codice fiscale), recapiti e contatti (domicilio, recapito telefonico, indirizzo e-mail); ed ulteriori informazioni anche appartenenti a categorie particolari relative allo stato di salute e non, quali:\n<ul>\n<li>dati attinenti alla temperatura corporea della persona interessata, rilevata o attestata dalla stessa in misura non superiore o superiore a 37,5\u00b0 C;<\/li>\n<li>informazioni inerenti allo stato di salute, sintomi da coronavirus (es. tosse, difficolt\u00e0 respiratoria, etc.);<\/li>\n<li>dati attinenti all\u2019eventuale quarantena o dell\u2019isolamento fiduciario, con o senza sorveglianza sanitaria, a cui sia sottoposto l\u2019interessato;<\/li>\n<li>dati di presenza presso specifici luoghi a rischio epidemiologico in un intervallo temporale;<\/li>\n<li>informazioni su casi attenzionati, di sospetto di contagio, di contagio, inerenti a soggetti fragili, informazioni, casi di contatti con terzi, situazioni di rischio e pericolo, etc.;<\/li>\n<li><u>dati per la verifica del possesso della certificazione verde (Green Pass o GP) ai sensi della normativa nazionale in merito all\u2019utilizzo e le verifiche della certificazione verde COVID-19 (D. Lgs. n. 52\/2021; D. Lgs. n. 105\/2021; D. Lgs. n. 111\/2021; D. Lgs. n. 122\/2021; D.L. n. 127\/2021; ecc.) per l&#8217;accesso da parte dei lavoratori, personale autorizzato, clienti, fornitori, trasportatori, appaltatori, collaboratori, visitatori e ogni altro soggetto terzo autorizzato ad accedere ai locali e agli uffici della scrivente organizzazione o ad altri luoghi comunque a quest\u2019ultima riferibili.<\/u><\/li>\n<\/ul>\n<\/li>\n<\/ul>\n<p>La scrivente organizzazione non effettua alcuna registrazione dei dati sopra indicati. L\u2019identificazione dell\u2019interessato e la registrazione dei dati avverranno solo qualora fosse necessario documentare le ragioni che hanno impedito l\u2019accesso. In tal caso, l\u2019interessato sar\u00e0 informato della circostanza.<\/p>\n<p>La verifica delle certificazioni verdi potr\u00e0 avvenire\/avviene all&#8217;ingresso e\/o a campione nei luoghi di lavoro di Verve S.p.A. , visto l\u2019obbligo di esibizione, su richiesta, ai sensi dell\u2019art. 3 punto 1 (settore privato) del D.L. 127\/2021. Tale obbligo interessa chiunque svolga attivit\u00e0 lavorativa, a qualunque titolo, interno od esterno all\u2019organizzazione.<\/p>\n<p>Nessun archivio di dati relativi alla verifica della certificazione sar\u00e0 costituito in forma programmatica.<\/p>\n<p>In risposta a modalit\u00e0 operative definite dalla Direzione, \u00e8 nel contempo richiesto di apporre la propria firma su un registro dedicato alla tracciabilit\u00e0 dell\u2019avvenuta verifica. Nel registro non saranno archiviate altre informazioni se non il nominativo associato all\u2019esito della verifica (positivo o negativo), sulla presenza e idoneit\u00e0 della certificazione, in esito al controllo mediante apposito applicativo VerificaC19.<\/p>\n<h3>MODALIT\u00c0 DI TENUTA DEL REGISTRO<\/h3>\n<p>L\u2019organizzazione predispone il registro in due copie, rispettivamente dedicate una al personale dipendente e l\u2019altra agli esterni che accedono ai locali. La prima di queste \u00e8 archiviata fintanto perdura lo stato di emergenza (previsto per il 31 dicembre 2021), con lo scopo di fornire prova di avvenuto controllo in sede di verifica da parte delle Autorit\u00e0; per la seconda \u00e8 diversamente prevista una conservazione per un termine massimo di 14 giorni, in applicazione dei principi di proporzionalit\u00e0 e minimizzazione applicati al trattamento.<\/p>\n<p>Si ritiene \u2019interessato sin d\u2019ora informato delle circostanze di registrazione di cui sopra, in virt\u00f9 della presente informativa.<\/p>\n<p>I dati personali oggetto di trattamenti si riferiscono:<\/p>\n<ul>\n<li>ai lavoratori della scrivente organizzazione. Rispetto a tali interessati, la presente informativa integra quella gi\u00e0 fornita per il trattamento dei dati personali funzionale all\u2019instaurazione e all\u2019esecuzione del rapporto di lavoro.<\/li>\n<li>ai clienti per le attivit\u00e0 comprese nell\u2019obbligo legislativo (ristoranti, bar, sale colazioni), fornitori, trasportatori, appaltatori, collaboratori, visitatori e ogni altro soggetto terzo autorizzato ad accedere al sito, ai locali e agli uffici della scrivente organizzazione o ad altri luoghi comunque a quest\u2019ultima riferibili.<\/li>\n<\/ul>\n<h3>FINALIT\u00c0 E BASI GIURIDICHE DEL TRATTAMENTO<\/h3>\n<p>I dati personali sono trattati nell\u2019ambito dell\u2019emergenza COVID-19, in esecuzione del Protocollo di sicurezza anti-contagio del 14 marzo 2020 e s.m.i. (come integrato dall\u2019aggiornamento del 24 aprile 2020) adottato ai sensi dell\u2019art. 1, n. 7, lett. d) del DPCM 11 marzo 2020, secondo le seguenti finalit\u00e0 (per ciascuna delle quali tra parentesi \u00e8 indicata la base giuridica mediante riferimento agli articoli del GDPR):<\/p>\n<ol>\n<li>finalit\u00e0 connesse a obblighi previsti da leggi (es. in materia di salute e sicurezza sul luogo di lavoro per prevenzione dal contagio da COVID-19), nonch\u00e9 da disposizioni impartite da autorit\u00e0 a ci\u00f2 legittimate dalla legge anche per l\u2019interesse pubblico rilevante nel settore della sanit\u00e0 pubblica (come il controllo delle malattie e altre minacce di natura sanitaria) durante l\u2019emergenza sanitaria da coronavirus (GDPR artt. 6 co. 1 lett. c e 9 co. 2 lett. b), g), i));<\/li>\n<li>finalit\u00e0 di prevenzione dal contagio, misure di contrasto e contenimento da COVID-19 (GDPR artt. 6 co. 1 lett. d e 9 co. 2 lett. g), i));<\/li>\n<li>finalit\u00e0 di medicina preventiva o di medicina del lavoro, valutazione della capacit\u00e0 lavorativa del dipendente, diagnosi, assistenza o terapia sanitaria o sociale ovvero gestione dei sistemi e servizi sanitari o sociali sulla base del diritto dell&#8217;Unione o nazionale (GDPR art. 9 co. 2 lett. h));<\/li>\n<li>valutare se consentire o meno l\u2019accesso a lavoratori, clienti, fornitori, trasportatori, appaltatori, collaboratori, visitatori o terzi, al sito, ai locali, agli uffici della scrivente organizzazione o ad altri luoghi, comunque, a quest\u2019ultima riferibili durante il periodo di emergenza da COVID-19 (GDPR artt. 6 co. 1 lett. c), d) e 9 co. 2 lett. b), g), i));<\/li>\n<li>documentare, sulla base del legittimo interesse della scrivente organizzazione (GDPR artt. 6 co. 1 lett. f), e 9 co. 2 lett. f)) le ragioni che hanno impedito l\u2019accesso, necessario per la redazione di un verbale (o simile) e l&#8217;applicazione da parte del datore di lavoro di eventuali sanzioni previste dal caso in questione.<\/li>\n<\/ol>\n<h3>CONSEGUENZE DEL RIFIUTO DI CONFERIRE I DATI<\/h3>\n<p>Il conferimento dei dati raccolti presso l\u2019interessato \u00e8 indispensabile al fine dell\u2019elaborazione degli stessi per le finalit\u00e0 alle lettere a), b), c), d) e e). Nel caso in cui gli interessati non comunichino i propri dati indispensabili e non permettano il trattamento, non sar\u00e0 possibile procedere all\u2019espletamento e messa in atto delle misure di contrasto e contenimento da COVID-19 e dar seguito agli obblighi previsti da leggi nonch\u00e9 da disposizioni impartite dalle autorit\u00e0 competenti nell\u2019ambito delle attivit\u00e0 di contrasto e contenimento del contagio da COVID-19.<\/p>\n<p>Il conferimento dei dati \u00e8 necessario per accedere al sito, ai locali e agli uffici della scrivente organizzazione o ad altri luoghi comunque a quest\u2019ultima riferibili.<\/p>\n<p>In caso di mancato conferimento dei dati, o incompleti o errati, compresi quelli appartenenti a categorie particolari, ovvero quando dai dati forniti emerge un rischio ci si riserva la facolt\u00e0 di negare l\u2019accesso.<\/p>\n<h3>MODALIT\u00c0 DI TRATTAMENTO DEI DATI<\/h3>\n<p>Per trattamento dei dati si intende la loro raccolta, registrazione, organizzazione, conservazione, elaborazione, modificazione, cancellazione e distruzione ovvero la combinazione di due o pi\u00f9 di tali operazioni. In relazione alle sopraindicate finalit\u00e0, il trattamento dei dati personali \u00e8 occasionale (in riferimento al periodo emergenziale COVID-19) ed avviene con mezzi cartacei, mediante strumenti manuali, informatici e telematici, anche automatizzati, atti a memorizzare e gestire i dati stessi, con logiche strettamente correlate alle finalit\u00e0 stesse e, comunque, in modo da garantire la sicurezza e la riservatezza; i dati personali saranno dunque trattati nel rispetto delle modalit\u00e0 indicate nell\u2019art. 5 Reg.to UE 2016\/679, il quale prevede, tra l&#8217;altro, che i dati siano trattati in modo lecito e secondo correttezza, raccolti e registrati per scopi determinati, espliciti e legittimi, esatti, e se necessario aggiornati, pertinenti, completi e non eccedenti rispetto alle finalit\u00e0 del trattamento, nel rispetto dei diritti e delle libert\u00e0 fondamentali, nonch\u00e9 della dignit\u00e0 dell&#8217;interessato con particolare riferimento alla riservatezza e alla identit\u00e0 personale, mediante misure di protezione e sicurezza. La scrivente organizzazione ha predisposto e perfezioner\u00e0 ulteriormente il sistema di sicurezza di accesso e conservazione dei dati.<\/p>\n<p>Non \u00e8 svolto un processo decisionale automatizzato (ad es. di profilazione).<\/p>\n<h3>TRATTAMENTI EXTRA UE<\/h3>\n<p>Il trattamento avverr\u00e0 in Italia e UE.<\/p>\n<h3>PERIODO DI CONSERVAZIONE<\/h3>\n<p>I dati personali saranno conservati fintanto che perdurano le finalit\u00e0 del trattamento e per tutta la durata dell\u2019emergenza COVID19. Cessate le finalit\u00e0 e decorso il termine di conservazione, si procede alla loro distruzione, fatti salvi i motivi di difesa di un diritto in sede giudiziaria o amministrativa (es. indagine INAIL, ASL, ecc.).<\/p>\n<h3>CATEGORIE DI DESTINATARI<\/h3>\n<p>I dati (solo quelli indispensabili) sono comunicati:<\/p>\n<ol>\n<li>a incaricati e responsabili del trattamento, tanto interni all\u2019organizzazione della scrivente, quanto esterni, che svolgono specifici compiti ed operazioni;<\/li>\n<li>nei casi ed ai soggetti previsti dalla legge (es. in caso di richiesta da parte dell\u2019Autorit\u00e0 sanitaria per la ricostruzione della filiera degli eventuali contatti stretti dell\u2019interessato risultato positivo al COVID-19).<\/li>\n<\/ol>\n<p>I destinatari dei dati di cui al caso b) li utilizzeranno in qualit\u00e0 di autonomi Titolari del trattamento. I dati non saranno oggetto di diffusione a meno di disposizioni di legge contrarie.<\/p>\n<h3>DIRITTI DELL\u2019INTERESSATO<\/h3>\n<p>In ogni momento potr\u00e0:<\/p>\n<ul>\n<li>esercitare i Suoi diritti (accesso, rettifica, cancellazione, limitazione, portabilit\u00e0, opposizione, assenza di processi di decisione automatizzati) quando previsto nei confronti del titolare del trattamento, ai sensi degli artt. dal 15 al 22 del GDPR;<\/li>\n<li>proporre reclamo al Garante (www.garanteprivacy.it); qualora il trattamento si basi sul consenso, revocare tale consenso prestato, tenuto conto che la revoca del consenso non pregiudica la liceit\u00e0 del trattamento basata sul consenso prima della revoca.<\/li>\n<\/ul>\n<h3>RECAPITI E CONTATTI<\/h3>\n<p>Il Titolare del trattamento \u00e8 Via Fortino di San Francesco snc 54100 Marina di Massa (MS)\u00a0 t. +39.0585.869310 e. <a href=\"mailto:privacy@torremarina.it\">privacy@torremarina.it<\/a><\/p>\n<p>L\u2019elenco completo dei responsabili del trattamento \u00e8 disponibile a richiesta.<\/p>\n<\/div><\/section><\/p>\n","protected":false},"excerpt":{"rendered":"","protected":false},"author":2,"featured_media":0,"parent":0,"menu_order":0,"comment_status":"closed","ping_status":"closed","template":"","meta":{"footnotes":""},"class_list":["post-2159","page","type-page","status-publish","hentry"],"yoast_head":"<!-- This site is optimized with the Yoast SEO plugin v26.7 - https:\/\/yoast.com\/wordpress\/plugins\/seo\/ -->\n<title>Informativa Green Pass - Torremarina<\/title>\n<meta name=\"robots\" content=\"index, follow, max-snippet:-1, max-image-preview:large, max-video-preview:-1\" \/>\n<link rel=\"canonical\" href=\"https:\/\/torremarina.it\/site\/informativa-green-pass\/\" \/>\n<meta property=\"og:locale\" content=\"it_IT\" \/>\n<meta property=\"og:type\" content=\"article\" \/>\n<meta property=\"og:title\" content=\"Informativa Green Pass - Torremarina\" \/>\n<meta property=\"og:url\" content=\"https:\/\/torremarina.it\/site\/informativa-green-pass\/\" \/>\n<meta property=\"og:site_name\" content=\"Torremarina\" \/>\n<meta property=\"article:modified_time\" content=\"2021-10-12T16:31:15+00:00\" \/>\n<meta name=\"twitter:card\" content=\"summary_large_image\" \/>\n<meta name=\"twitter:label1\" content=\"Tempo di lettura stimato\" \/>\n\t<meta name=\"twitter:data1\" content=\"9 minuti\" \/>\n<script type=\"application\/ld+json\" class=\"yoast-schema-graph\">{\"@context\":\"https:\/\/schema.org\",\"@graph\":[{\"@type\":\"WebPage\",\"@id\":\"https:\/\/torremarina.it\/site\/informativa-green-pass\/\",\"url\":\"https:\/\/torremarina.it\/site\/informativa-green-pass\/\",\"name\":\"Informativa Green Pass - Torremarina\",\"isPartOf\":{\"@id\":\"https:\/\/torremarina.it\/site\/#website\"},\"datePublished\":\"2021-10-12T16:31:14+00:00\",\"dateModified\":\"2021-10-12T16:31:15+00:00\",\"breadcrumb\":{\"@id\":\"https:\/\/torremarina.it\/site\/informativa-green-pass\/#breadcrumb\"},\"inLanguage\":\"it-IT\",\"potentialAction\":[{\"@type\":\"ReadAction\",\"target\":[\"https:\/\/torremarina.it\/site\/informativa-green-pass\/\"]}]},{\"@type\":\"BreadcrumbList\",\"@id\":\"https:\/\/torremarina.it\/site\/informativa-green-pass\/#breadcrumb\",\"itemListElement\":[{\"@type\":\"ListItem\",\"position\":1,\"name\":\"Home\",\"item\":\"https:\/\/torremarina.it\/site\/benvenuti-al-villaggio-torremarina\/\"},{\"@type\":\"ListItem\",\"position\":2,\"name\":\"Informativa Green Pass\"}]},{\"@type\":\"WebSite\",\"@id\":\"https:\/\/torremarina.it\/site\/#website\",\"url\":\"https:\/\/torremarina.it\/site\/\",\"name\":\"Torremarina\",\"description\":\"Torremarina Tutti colori dell&#039;ospitalit\u00e0\",\"potentialAction\":[{\"@type\":\"SearchAction\",\"target\":{\"@type\":\"EntryPoint\",\"urlTemplate\":\"https:\/\/torremarina.it\/site\/?s={search_term_string}\"},\"query-input\":{\"@type\":\"PropertyValueSpecification\",\"valueRequired\":true,\"valueName\":\"search_term_string\"}}],\"inLanguage\":\"it-IT\"}]}<\/script>\n<!-- \/ Yoast SEO plugin. -->","yoast_head_json":{"title":"Informativa Green Pass - Torremarina","robots":{"index":"index","follow":"follow","max-snippet":"max-snippet:-1","max-image-preview":"max-image-preview:large","max-video-preview":"max-video-preview:-1"},"canonical":"https:\/\/torremarina.it\/site\/informativa-green-pass\/","og_locale":"it_IT","og_type":"article","og_title":"Informativa Green Pass - Torremarina","og_url":"https:\/\/torremarina.it\/site\/informativa-green-pass\/","og_site_name":"Torremarina","article_modified_time":"2021-10-12T16:31:15+00:00","twitter_card":"summary_large_image","twitter_misc":{"Tempo di lettura stimato":"9 minuti"},"schema":{"@context":"https:\/\/schema.org","@graph":[{"@type":"WebPage","@id":"https:\/\/torremarina.it\/site\/informativa-green-pass\/","url":"https:\/\/torremarina.it\/site\/informativa-green-pass\/","name":"Informativa Green Pass - Torremarina","isPartOf":{"@id":"https:\/\/torremarina.it\/site\/#website"},"datePublished":"2021-10-12T16:31:14+00:00","dateModified":"2021-10-12T16:31:15+00:00","breadcrumb":{"@id":"https:\/\/torremarina.it\/site\/informativa-green-pass\/#breadcrumb"},"inLanguage":"it-IT","potentialAction":[{"@type":"ReadAction","target":["https:\/\/torremarina.it\/site\/informativa-green-pass\/"]}]},{"@type":"BreadcrumbList","@id":"https:\/\/torremarina.it\/site\/informativa-green-pass\/#breadcrumb","itemListElement":[{"@type":"ListItem","position":1,"name":"Home","item":"https:\/\/torremarina.it\/site\/benvenuti-al-villaggio-torremarina\/"},{"@type":"ListItem","position":2,"name":"Informativa Green Pass"}]},{"@type":"WebSite","@id":"https:\/\/torremarina.it\/site\/#website","url":"https:\/\/torremarina.it\/site\/","name":"Torremarina","description":"Torremarina Tutti colori dell&#039;ospitalit\u00e0","potentialAction":[{"@type":"SearchAction","target":{"@type":"EntryPoint","urlTemplate":"https:\/\/torremarina.it\/site\/?s={search_term_string}"},"query-input":{"@type":"PropertyValueSpecification","valueRequired":true,"valueName":"search_term_string"}}],"inLanguage":"it-IT"}]}},"_links":{"self":[{"href":"https:\/\/torremarina.it\/site\/wp-json\/wp\/v2\/pages\/2159","targetHints":{"allow":["GET"]}}],"collection":[{"href":"https:\/\/torremarina.it\/site\/wp-json\/wp\/v2\/pages"}],"about":[{"href":"https:\/\/torremarina.it\/site\/wp-json\/wp\/v2\/types\/page"}],"author":[{"embeddable":true,"href":"https:\/\/torremarina.it\/site\/wp-json\/wp\/v2\/users\/2"}],"replies":[{"embeddable":true,"href":"https:\/\/torremarina.it\/site\/wp-json\/wp\/v2\/comments?post=2159"}],"version-history":[{"count":1,"href":"https:\/\/torremarina.it\/site\/wp-json\/wp\/v2\/pages\/2159\/revisions"}],"predecessor-version":[{"id":2161,"href":"https:\/\/torremarina.it\/site\/wp-json\/wp\/v2\/pages\/2159\/revisions\/2161"}],"wp:attachment":[{"href":"https:\/\/torremarina.it\/site\/wp-json\/wp\/v2\/media?parent=2159"}],"curies":[{"name":"wp","href":"https:\/\/api.w.org\/{rel}","templated":true}]}}